{"id":9,"date":"2021-04-02T16:22:17","date_gmt":"2021-04-02T14:22:17","guid":{"rendered":"http:\/\/www.etoiledame.fr\/?page_id=9"},"modified":"2021-11-18T15:32:16","modified_gmt":"2021-11-18T14:32:16","slug":"a-propos-de","status":"publish","type":"page","link":"http:\/\/www.etoiledame.fr\/index.php\/a-propos-de\/","title":{"rendered":"\u00c0 propos de"},"content":{"rendered":"\n<p>En ces temps troubles qui nous invitent \u00e0 nous remettre en question et parfois m\u00eame \u00e0 douter du chemin emprunt\u00e9, nous pouvons avoir besoin d&rsquo;aide pour y voir plus clair.<\/p>\n\n\n\n<p>Demander de l&rsquo;aide n&rsquo;est pas une faiblesse, mais une force. J&rsquo;ai pris moi-m\u00eame le temps d&rsquo;int\u00e9grer cette \u00e9vidence qui ne l&rsquo;ai pas dans notre soci\u00e9t\u00e9.<\/p>\n\n\n\n<p>Aujourd&rsquo;hui, c&rsquo;est \u00e0 mon tour de proposer mon aide \u00e0 toutes les \u00e2mes qui sentiront l&rsquo;appel de mes propositions, de ma personne, de mon unicit\u00e9.<\/p>\n\n\n\n<p>Cela fait maintenant plusieurs ann\u00e9es que je chemine afin mieux me conna\u00eetre, me red\u00e9couvrir sous un nouveau jour. Sur cette route, j&rsquo;ai eu la chance de suivre des enseignements magnifiques et transformateurs en astrologie, en lithoth\u00e9rapie, en tarologie, sur la voie \u00e9gyptienne, etc. <\/p>\n\n\n\n<p>Il s&rsquo;agit ni plus ni moins de merveilleuses cl\u00e9s de compr\u00e9hension de soi que je souhaite vous proposer pour retrouver votre lumi\u00e8re, vos potentiels, vous retrouver tout simplement.<\/p>\n\n\n\n<p>A tr\u00e8s vite.<\/p>\n\n\n\n<p>Karelle<\/p>\n","protected":false},"excerpt":{"rendered":"<p>En ces temps troubles qui nous invitent \u00e0 nous remettre en question et parfois m\u00eame \u00e0 douter du chemin emprunt\u00e9, nous pouvons avoir besoin d&rsquo;aide pour y voir plus clair. Demander de l&rsquo;aide n&rsquo;est pas une faiblesse, mais une force. J&rsquo;ai pris moi-m\u00eame le temps d&rsquo;int\u00e9grer cette \u00e9vidence qui ne l&rsquo;ai pas dans notre soci\u00e9t\u00e9. &hellip; <\/p>\n<p class=\"link-more\"><a href=\"http:\/\/www.etoiledame.fr\/index.php\/a-propos-de\/\" class=\"more-link\">Continuer la lecture<span class=\"screen-reader-text\"> de &laquo;&nbsp;\u00c0 propos de&nbsp;&raquo;<\/span><\/a><\/p>\n","protected":false},"author":1,"featured_media":72,"parent":0,"menu_order":0,"comment_status":"closed","ping_status":"closed","template":"","meta":[],"_links":{"self":[{"href":"http:\/\/www.etoiledame.fr\/index.php\/wp-json\/wp\/v2\/pages\/9"}],"collection":[{"href":"http:\/\/www.etoiledame.fr\/index.php\/wp-json\/wp\/v2\/pages"}],"about":[{"href":"http:\/\/www.etoiledame.fr\/index.php\/wp-json\/wp\/v2\/types\/page"}],"author":[{"embeddable":true,"href":"http:\/\/www.etoiledame.fr\/index.php\/wp-json\/wp\/v2\/users\/1"}],"replies":[{"embeddable":true,"href":"http:\/\/www.etoiledame.fr\/index.php\/wp-json\/wp\/v2\/comments?post=9"}],"version-history":[{"count":7,"href":"http:\/\/www.etoiledame.fr\/index.php\/wp-json\/wp\/v2\/pages\/9\/revisions"}],"predecessor-version":[{"id":75,"href":"http:\/\/www.etoiledame.fr\/index.php\/wp-json\/wp\/v2\/pages\/9\/revisions\/75"}],"wp:featuredmedia":[{"embeddable":true,"href":"http:\/\/www.etoiledame.fr\/index.php\/wp-json\/wp\/v2\/media\/72"}],"wp:attachment":[{"href":"http:\/\/www.etoiledame.fr\/index.php\/wp-json\/wp\/v2\/media?parent=9"}],"curies":[{"name":"wp","href":"https:\/\/api.w.org\/{rel}","templated":true}]}}